



{"id":23887,"date":"2025-02-02T00:35:48","date_gmt":"2025-02-01T19:35:48","guid":{"rendered":"https:\/\/moanadeals.com\/colaboradores\/"},"modified":"2025-04-09T02:00:29","modified_gmt":"2025-04-08T21:00:29","slug":"collaborators","status":"publish","type":"page","link":"https:\/\/www.moanadeals.com\/es\/collaborators\/","title":{"rendered":"Colaboradores"},"content":{"rendered":"\n<div class=\"wp-block-columns is-layout-flex wp-container-core-columns-is-layout-9d6595d7 wp-block-columns-is-layout-flex\">\n<div class=\"wp-block-column banner_container_style_class is-layout-flow wp-block-column-is-layout-flow\">\n<div class=\"wp-block-columns banner_container_inner is-layout-flex wp-container-core-columns-is-layout-9d6595d7 wp-block-columns-is-layout-flex\">\n<div class=\"wp-block-column is-layout-flow wp-block-column-is-layout-flow\">\n<p><\/p>\n\n\n\n<div class=\"wp-block-columns contact-us-info is-layout-flex wp-container-core-columns-is-layout-9d6595d7 wp-block-columns-is-layout-flex\">\n<div class=\"wp-block-column is-layout-flow wp-block-column-is-layout-flow\">\n<h1 id=\"wp-block-themeisle-blocks-advanced-heading-e28061ae\" class=\"wp-block-themeisle-blocks-advanced-heading wp-block-themeisle-blocks-advanced-heading-e28061ae\">Colaboradores<\/h1>\n\n\n\n<p>Colaboramos y establecemos relaciones a largo plazo con docenas de socios a nivel global, creando situaciones en las que ambos salimos ganando.<\/p>\n\n\n\n<p>Si quiere vender o comprar un activo (o conoce a alguien que quiera), hablemos. Le ayudaremos (y a su cliente) a maximizar su alcance a trav\u00e9s de nuestra plataforma global de inversores profesionales, facilitando el acceso a oportunidades off-market que son dif\u00edciles de encontrar de otra forma.<\/p>\n\n\n\n<p>Simplemente cont\u00e1ctenos en\u00a0<a href=\"mailto:info@moanadeals.com\" target=\"_blank\" rel=\"noreferrer noopener\">info@moanadeals.com<\/a>\u00a0para m\u00e1s informaci\u00f3n y descubrir si puede convertirse en un colaborador acreditado de la plataforma.<\/p>\n<\/div>\n<\/div>\n\n\n\n<div class=\"wp-block-columns is-layout-flex wp-container-core-columns-is-layout-9d6595d7 wp-block-columns-is-layout-flex\">\n<div class=\"wp-block-column is-layout-flow wp-block-column-is-layout-flow\"><\/div>\n<\/div>\n<\/div>\n\n\n\n<div class=\"wp-block-column contact-us-form is-layout-flow wp-block-column-is-layout-flow\"><div class='fluentform ff-default fluentform_wrapper_52 ffs_default_wrap'><form data-form_id=\"52\" id=\"fluentform_52\" class=\"frm-fluent-form fluent_form_52 ff-el-form-top ff_form_instance_52_1 ff-form-loading ff_has_v3_recptcha ffs_default\" data-form_instance=\"ff_form_instance_52_1\" method=\"POST\" data-recptcha_key=\"6LdQOU8rAAAAAL2zdRqLrdgyfe72tCxfM6jwc7es\" ><fieldset  style=\"border: none!important;margin: 0!important;padding: 0!important;background-color: transparent!important;box-shadow: none!important;outline: none!important; min-inline-size: 100%;\">\n                    <legend class=\"ff_screen_reader_title\" style=\"display: block; margin: 0!important;padding: 0!important;height: 0!important;text-indent: -999999px;width: 0!important;overflow:hidden;\">Contact Form Colaborators ES<\/legend>        <div\n                style=\"display: none!important; position: absolute!important; transform: translateX(1000%)!important;\"\n                class=\"ff-el-group ff-hpsf-container\"\n        >\n            <div class=\"ff-el-input--label asterisk-right\">\n                <label for=\"ff_52_item_sf\" aria-label=\"Notify\">\n                    Notify                <\/label>\n            <\/div>\n            <div class=\"ff-el-input--content\">\n                <input type=\"text\"\n                       name=\"item_52__fluent_sf\"\n                       class=\"ff-el-form-control\"\n                       id=\"ff_52_item_sf\"\n                \/>\n            <\/div>\n        <\/div>\n        <input type='hidden' name='__fluent_form_embded_post_id' value='23887' \/><input type=\"hidden\" id=\"_fluentform_52_fluentformnonce\" name=\"_fluentform_52_fluentformnonce\" value=\"b3a76e59c1\" \/><input type=\"hidden\" name=\"_wp_http_referer\" value=\"\/es\/wp-json\/wp\/v2\/pages\/23887\" \/><div data-name=\"ff_cn_id_1\"  class='ff-t-container ff-column-container ff_columns_total_2 '><div class='ff-t-cell ff-t-column-1' style='flex-basis: 50%;'><div class='ff-el-group ff-el-form-hide_label'><div class=\"ff-el-input--label ff-el-is-required asterisk-right\"><label for='ff_52_username' id='label_ff_52_username' >Nombre<\/label><\/div><div class='ff-el-input--content'><input type=\"text\" name=\"username\" value=\"\" class=\"ff-el-form-control\" placeholder=\"Name\" data-name=\"username\" id=\"ff_52_username\"  aria-invalid=\"false\" aria-required=true><\/div><\/div><\/div><div class='ff-t-cell ff-t-column-2' style='flex-basis: 50%;'><div class='ff-el-group ff-el-form-hide_label'><div class=\"ff-el-input--label ff-el-is-required asterisk-right\"><label for='ff_52_email' id='label_ff_52_email' aria-label=\"Correo electr\u00f3nico\">Correo electr\u00f3nico<\/label><\/div><div class='ff-el-input--content'><input type=\"email\" name=\"email\" value=\"\" id=\"ff_52_email\" class=\"ff-el-form-control\" placeholder=\"Correo electr\u00f3nico\" data-name=\"email\"  aria-invalid=\"false\" aria-required=true><\/div><\/div><\/div><\/div><div class='ff-el-group ff-el-form-hide_label'><div class=\"ff-el-input--label ff-el-is-required asterisk-right\"><label for='ff_52_message' id='label_ff_52_message' aria-label=\"Tu mensaje\">Tu mensaje<\/label><\/div><div class='ff-el-input--content'><textarea aria-required=\"true\" aria-labelledby=\"label_ff_52_message\" name=\"message\" id=\"ff_52_message\" class=\"ff-el-form-control\" placeholder=\"Dinos c\u00f3mo te gustar\u00eda colaborar con nosotros.\" rows=\"4\" cols=\"2\" data-name=\"message\" ><\/textarea><\/div><\/div><div class='ff-el-group    ff-el-input--content'><div class='ff-el-form-check ff-el-tc'><label aria-label='T\u00e9rminos y condiciones: He le\u00eddo y estoy de acuerdo con las Pol\u00edtica de Privacidad Contiene 1 enlace. Usa la navegaci\u00f3n por pesta\u00f1as para rese\u00f1ar.' class='ff-el-form-check-label ff_tc_label' for=terms-n-condition_6c8abf35ee6448d4161fecc08e367ec0><span class='ff_tc_checkbox'><input type=\"checkbox\" name=\"terms-n-condition\" class=\"ff-el-form-check-input\" data-name=\"terms-n-condition\" id=\"terms-n-condition_6c8abf35ee6448d4161fecc08e367ec0\"  value='on' aria-invalid='false' aria-required=true><\/span> <div class='ff_t_c'><p>He le\u00eddo y estoy de acuerdo con las <span style=\"color: #2b77be\"><a style=\"color: #2b77be\" href=\"\/moana-privacy-policy\" target=\"_blank\" rel=\"noopener\">Pol\u00edtica de Privacidad<\/a><\/span><\/p><\/div><\/label><\/div><\/div><div class='ff-el-group ff-text-left ff_submit_btn_wrapper'><button type=\"submit\" class=\"ff-btn ff-btn-submit ff-btn-md ff_btn_style\"  aria-label=\"Enviar\">Enviar<\/button><\/div><\/fieldset><\/form><div id='fluentform_52_errors' class='ff-errors-in-stack ff_form_instance_52_1 ff-form-loading_errors ff_form_instance_52_1_errors'><\/div><\/div>            <script type=\"text\/javascript\">\n                window.fluent_form_ff_form_instance_52_1 = {\"id\":\"52\",\"ajaxUrl\":\"https:\\\/\\\/www.moanadeals.com\\\/wp-admin\\\/admin-ajax.php\",\"settings\":{\"layout\":{\"labelPlacement\":\"top\",\"helpMessagePlacement\":\"with_label\",\"errorMessagePlacement\":\"inline\",\"cssClassName\":\"\",\"asteriskPlacement\":\"asterisk-right\"},\"restrictions\":{\"denyEmptySubmission\":{\"enabled\":false}}},\"form_instance\":\"ff_form_instance_52_1\",\"form_id_selector\":\"fluentform_52\",\"rules\":{\"username\":{\"required\":{\"value\":true,\"message\":\"Este campo es obligatorio\",\"global\":false,\"global_message\":\"This field is required\"}},\"email\":{\"required\":{\"value\":true,\"message\":\"Este campo es obligatorio\",\"global\":false,\"global_message\":\"This field is required\"},\"email\":{\"value\":true,\"message\":\"Este campo debe contener un correo electr\\u00f3nico v\\u00e1lido.\",\"global\":false,\"global_message\":\"This field must contain a valid email\"}},\"message\":{\"required\":{\"value\":true,\"message\":\"Este campo es obligatorio\",\"global\":false,\"global_message\":\"This field is required\"}},\"terms-n-condition\":{\"required\":{\"value\":true,\"message\":\"Este campo es obligatorio\",\"global_message\":\"This field is required\",\"global\":false}},\"g-recaptcha-response\":[]},\"debounce_time\":300};\n                            <\/script>\n            \n<\/div>\n<\/div>\n<\/div>\n<\/div>\n\n\n\n<p><\/p>\n","protected":false},"excerpt":{"rendered":"<p>Colaboramos y establecemos relaciones a largo plazo con docenas de socios a nivel global, creando situaciones en las que ambos salimos ganando. Si quiere vender o comprar un activo (o conoce a alguien que quiera), hablemos. Le ayudaremos (y a su cliente) a maximizar su alcance a trav\u00e9s de nuestra plataforma global de inversores profesionales, &#8230; <a title=\"Colaboradores\" class=\"read-more\" href=\"https:\/\/www.moanadeals.com\/es\/collaborators\/\" aria-label=\"Leer m\u00e1s sobre Colaboradores\">Leer m\u00e1s<\/a><\/p>\n","protected":false},"author":2,"featured_media":0,"parent":0,"menu_order":0,"comment_status":"closed","ping_status":"closed","template":"","meta":{"_acf_changed":false,"_themeisle_gutenberg_block_has_review":false,"footnotes":""},"class_list":["post-23887","page","type-page","status-publish"],"acf":[],"yoast_head":"<!-- This site is optimized with the Yoast SEO plugin v27.4 - https:\/\/yoast.com\/product\/yoast-seo-wordpress\/ -->\n<title>Colaboradores - Moana Deals<\/title>\n<meta name=\"robots\" content=\"index, follow, max-snippet:-1, max-image-preview:large, max-video-preview:-1\" \/>\n<link rel=\"canonical\" href=\"https:\/\/www.moanadeals.com\/es\/collaborators\/\" \/>\n<meta property=\"og:locale\" content=\"es_ES\" \/>\n<meta property=\"og:type\" content=\"article\" \/>\n<meta property=\"og:title\" content=\"Colaboradores - Moana Deals\" \/>\n<meta property=\"og:description\" content=\"Colaboramos y establecemos relaciones a largo plazo con docenas de socios a nivel global, creando situaciones en las que ambos salimos ganando. Si quiere vender o comprar un activo (o conoce a alguien que quiera), hablemos. Le ayudaremos (y a su cliente) a maximizar su alcance a trav\u00e9s de nuestra plataforma global de inversores profesionales, ... Leer m\u00e1s\" \/>\n<meta property=\"og:url\" content=\"https:\/\/www.moanadeals.com\/es\/collaborators\/\" \/>\n<meta property=\"og:site_name\" content=\"Moana Deals\" \/>\n<meta property=\"article:modified_time\" content=\"2025-04-08T21:00:29+00:00\" \/>\n<meta name=\"twitter:card\" content=\"summary_large_image\" \/>\n<meta name=\"twitter:label1\" content=\"Tiempo de lectura\" \/>\n\t<meta name=\"twitter:data1\" content=\"1 minuto\" \/>\n<script type=\"application\/ld+json\" class=\"yoast-schema-graph\">{\"@context\":\"https:\\\/\\\/schema.org\",\"@graph\":[{\"@type\":\"WebPage\",\"@id\":\"https:\\\/\\\/www.moanadeals.com\\\/es\\\/collaborators\\\/\",\"url\":\"https:\\\/\\\/www.moanadeals.com\\\/es\\\/collaborators\\\/\",\"name\":\"Colaboradores - Moana Deals\",\"isPartOf\":{\"@id\":\"https:\\\/\\\/www.moanadeals.com\\\/#website\"},\"datePublished\":\"2025-02-01T19:35:48+00:00\",\"dateModified\":\"2025-04-08T21:00:29+00:00\",\"breadcrumb\":{\"@id\":\"https:\\\/\\\/www.moanadeals.com\\\/es\\\/collaborators\\\/#breadcrumb\"},\"inLanguage\":\"es\",\"potentialAction\":[{\"@type\":\"ReadAction\",\"target\":[\"https:\\\/\\\/www.moanadeals.com\\\/es\\\/collaborators\\\/\"]}]},{\"@type\":\"BreadcrumbList\",\"@id\":\"https:\\\/\\\/www.moanadeals.com\\\/es\\\/collaborators\\\/#breadcrumb\",\"itemListElement\":[{\"@type\":\"ListItem\",\"position\":1,\"name\":\"Home\",\"item\":\"https:\\\/\\\/www.moanadeals.com\\\/es\\\/home-page\\\/\"},{\"@type\":\"ListItem\",\"position\":2,\"name\":\"Colaboradores\"}]},{\"@type\":\"WebSite\",\"@id\":\"https:\\\/\\\/www.moanadeals.com\\\/#website\",\"url\":\"https:\\\/\\\/www.moanadeals.com\\\/\",\"name\":\"Moana Deals\",\"description\":\"\",\"publisher\":{\"@id\":\"https:\\\/\\\/www.moanadeals.com\\\/#organization\"},\"potentialAction\":[{\"@type\":\"SearchAction\",\"target\":{\"@type\":\"EntryPoint\",\"urlTemplate\":\"https:\\\/\\\/www.moanadeals.com\\\/?s={search_term_string}\"},\"query-input\":{\"@type\":\"PropertyValueSpecification\",\"valueRequired\":true,\"valueName\":\"search_term_string\"}}],\"inLanguage\":\"es\"},{\"@type\":\"Organization\",\"@id\":\"https:\\\/\\\/www.moanadeals.com\\\/#organization\",\"name\":\"Moana Deals\",\"url\":\"https:\\\/\\\/www.moanadeals.com\\\/\",\"logo\":{\"@type\":\"ImageObject\",\"inLanguage\":\"es\",\"@id\":\"https:\\\/\\\/www.moanadeals.com\\\/#\\\/schema\\\/logo\\\/image\\\/\",\"url\":\"https:\\\/\\\/www.moanadeals.com\\\/wp-content\\\/uploads\\\/2024\\\/05\\\/cropped-moana_logo.png\",\"contentUrl\":\"https:\\\/\\\/www.moanadeals.com\\\/wp-content\\\/uploads\\\/2024\\\/05\\\/cropped-moana_logo.png\",\"width\":117,\"height\":40,\"caption\":\"Moana Deals\"},\"image\":{\"@id\":\"https:\\\/\\\/www.moanadeals.com\\\/#\\\/schema\\\/logo\\\/image\\\/\"}}]}<\/script>\n<!-- \/ Yoast SEO plugin. -->","yoast_head_json":{"title":"Colaboradores - Moana Deals","robots":{"index":"index","follow":"follow","max-snippet":"max-snippet:-1","max-image-preview":"max-image-preview:large","max-video-preview":"max-video-preview:-1"},"canonical":"https:\/\/www.moanadeals.com\/es\/collaborators\/","og_locale":"es_ES","og_type":"article","og_title":"Colaboradores - Moana Deals","og_description":"Colaboramos y establecemos relaciones a largo plazo con docenas de socios a nivel global, creando situaciones en las que ambos salimos ganando. Si quiere vender o comprar un activo (o conoce a alguien que quiera), hablemos. Le ayudaremos (y a su cliente) a maximizar su alcance a trav\u00e9s de nuestra plataforma global de inversores profesionales, ... Leer m\u00e1s","og_url":"https:\/\/www.moanadeals.com\/es\/collaborators\/","og_site_name":"Moana Deals","article_modified_time":"2025-04-08T21:00:29+00:00","twitter_card":"summary_large_image","twitter_misc":{"Tiempo de lectura":"1 minuto"},"schema":{"@context":"https:\/\/schema.org","@graph":[{"@type":"WebPage","@id":"https:\/\/www.moanadeals.com\/es\/collaborators\/","url":"https:\/\/www.moanadeals.com\/es\/collaborators\/","name":"Colaboradores - Moana Deals","isPartOf":{"@id":"https:\/\/www.moanadeals.com\/#website"},"datePublished":"2025-02-01T19:35:48+00:00","dateModified":"2025-04-08T21:00:29+00:00","breadcrumb":{"@id":"https:\/\/www.moanadeals.com\/es\/collaborators\/#breadcrumb"},"inLanguage":"es","potentialAction":[{"@type":"ReadAction","target":["https:\/\/www.moanadeals.com\/es\/collaborators\/"]}]},{"@type":"BreadcrumbList","@id":"https:\/\/www.moanadeals.com\/es\/collaborators\/#breadcrumb","itemListElement":[{"@type":"ListItem","position":1,"name":"Home","item":"https:\/\/www.moanadeals.com\/es\/home-page\/"},{"@type":"ListItem","position":2,"name":"Colaboradores"}]},{"@type":"WebSite","@id":"https:\/\/www.moanadeals.com\/#website","url":"https:\/\/www.moanadeals.com\/","name":"Moana Deals","description":"","publisher":{"@id":"https:\/\/www.moanadeals.com\/#organization"},"potentialAction":[{"@type":"SearchAction","target":{"@type":"EntryPoint","urlTemplate":"https:\/\/www.moanadeals.com\/?s={search_term_string}"},"query-input":{"@type":"PropertyValueSpecification","valueRequired":true,"valueName":"search_term_string"}}],"inLanguage":"es"},{"@type":"Organization","@id":"https:\/\/www.moanadeals.com\/#organization","name":"Moana Deals","url":"https:\/\/www.moanadeals.com\/","logo":{"@type":"ImageObject","inLanguage":"es","@id":"https:\/\/www.moanadeals.com\/#\/schema\/logo\/image\/","url":"https:\/\/www.moanadeals.com\/wp-content\/uploads\/2024\/05\/cropped-moana_logo.png","contentUrl":"https:\/\/www.moanadeals.com\/wp-content\/uploads\/2024\/05\/cropped-moana_logo.png","width":117,"height":40,"caption":"Moana Deals"},"image":{"@id":"https:\/\/www.moanadeals.com\/#\/schema\/logo\/image\/"}}]}},"_links":{"self":[{"href":"https:\/\/www.moanadeals.com\/es\/wp-json\/wp\/v2\/pages\/23887","targetHints":{"allow":["GET"]}}],"collection":[{"href":"https:\/\/www.moanadeals.com\/es\/wp-json\/wp\/v2\/pages"}],"about":[{"href":"https:\/\/www.moanadeals.com\/es\/wp-json\/wp\/v2\/types\/page"}],"author":[{"embeddable":true,"href":"https:\/\/www.moanadeals.com\/es\/wp-json\/wp\/v2\/users\/2"}],"replies":[{"embeddable":true,"href":"https:\/\/www.moanadeals.com\/es\/wp-json\/wp\/v2\/comments?post=23887"}],"version-history":[{"count":8,"href":"https:\/\/www.moanadeals.com\/es\/wp-json\/wp\/v2\/pages\/23887\/revisions"}],"predecessor-version":[{"id":24013,"href":"https:\/\/www.moanadeals.com\/es\/wp-json\/wp\/v2\/pages\/23887\/revisions\/24013"}],"wp:attachment":[{"href":"https:\/\/www.moanadeals.com\/es\/wp-json\/wp\/v2\/media?parent=23887"}],"curies":[{"name":"wp","href":"https:\/\/api.w.org\/{rel}","templated":true}]}}