



{"id":20852,"date":"2024-05-07T07:23:49","date_gmt":"2024-05-07T02:23:49","guid":{"rendered":"https:\/\/moanadeals.com\/dashboard\/finalizar-recursos-de-publicacion\/"},"modified":"2024-11-20T21:24:15","modified_gmt":"2024-11-20T16:24:15","slug":"end-publish-assets","status":"publish","type":"page","link":"https:\/\/www.moanadeals.com\/es\/dashboard\/end-publish-assets\/","title":{"rendered":"Finalizar recursos de publicaci\u00f3n"},"content":{"rendered":"\n<h2 id=\"wp-block-themeisle-blocks-advanced-heading-33944b39\" class=\"wp-block-themeisle-blocks-advanced-heading wp-block-themeisle-blocks-advanced-heading-33944b39\"><strong>Gracias por confiar en nosotros para publicar su activo.<\/strong><\/h2>\n\n<p class=\"has-text-align-center paragraph1\">Nuestro equipo lo revisar\u00e1 y contactar\u00e1 con usted en las pr\u00f3ximas 24 horas para conocer m\u00e1s detalles\nsobre su activo y comercializarlo al m\u00e1ximo de su potencial a trav\u00e9s de un\u00a0Teaser Ciego<\/p>\n","protected":false},"excerpt":{"rendered":"<p>Nuestro equipo lo revisar\u00e1 y contactar\u00e1 con usted en las pr\u00f3ximas 24 horas para conocer m\u00e1s detalles sobre su activo y comercializarlo al m\u00e1ximo de su potencial a trav\u00e9s de un\u00a0Teaser Ciego<\/p>\n","protected":false},"author":2,"featured_media":0,"parent":20827,"menu_order":0,"comment_status":"closed","ping_status":"closed","template":"page\/dashboard.php","meta":{"_acf_changed":false,"_themeisle_gutenberg_block_has_review":false,"footnotes":""},"class_list":["post-20852","page","type-page","status-publish"],"acf":[],"yoast_head":"<!-- This site is optimized with the Yoast SEO plugin v27.4 - https:\/\/yoast.com\/product\/yoast-seo-wordpress\/ -->\n<title>Finalizar recursos de publicaci\u00f3n - Moana Deals<\/title>\n<meta name=\"robots\" content=\"index, follow, max-snippet:-1, max-image-preview:large, max-video-preview:-1\" \/>\n<link rel=\"canonical\" href=\"https:\/\/www.moanadeals.com\/es\/dashboard\/end-publish-assets\/\" \/>\n<meta property=\"og:locale\" content=\"es_ES\" \/>\n<meta property=\"og:type\" content=\"article\" \/>\n<meta property=\"og:title\" content=\"Finalizar recursos de publicaci\u00f3n - Moana Deals\" \/>\n<meta property=\"og:description\" content=\"Nuestro equipo lo revisar\u00e1 y contactar\u00e1 con usted en las pr\u00f3ximas 24 horas para conocer m\u00e1s detalles sobre su activo y comercializarlo al m\u00e1ximo de su potencial a trav\u00e9s de un\u00a0Teaser Ciego\" \/>\n<meta property=\"og:url\" content=\"https:\/\/www.moanadeals.com\/es\/dashboard\/end-publish-assets\/\" \/>\n<meta property=\"og:site_name\" content=\"Moana Deals\" \/>\n<meta property=\"article:modified_time\" content=\"2024-11-20T16:24:15+00:00\" \/>\n<meta name=\"twitter:card\" content=\"summary_large_image\" \/>\n<script type=\"application\/ld+json\" class=\"yoast-schema-graph\">{\"@context\":\"https:\\\/\\\/schema.org\",\"@graph\":[{\"@type\":\"WebPage\",\"@id\":\"https:\\\/\\\/www.moanadeals.com\\\/es\\\/dashboard\\\/end-publish-assets\\\/\",\"url\":\"https:\\\/\\\/www.moanadeals.com\\\/es\\\/dashboard\\\/end-publish-assets\\\/\",\"name\":\"Finalizar recursos de publicaci\u00f3n - Moana Deals\",\"isPartOf\":{\"@id\":\"https:\\\/\\\/www.moanadeals.com\\\/#website\"},\"datePublished\":\"2024-05-07T02:23:49+00:00\",\"dateModified\":\"2024-11-20T16:24:15+00:00\",\"breadcrumb\":{\"@id\":\"https:\\\/\\\/www.moanadeals.com\\\/es\\\/dashboard\\\/end-publish-assets\\\/#breadcrumb\"},\"inLanguage\":\"es\",\"potentialAction\":[{\"@type\":\"ReadAction\",\"target\":[\"https:\\\/\\\/www.moanadeals.com\\\/es\\\/dashboard\\\/end-publish-assets\\\/\"]}]},{\"@type\":\"BreadcrumbList\",\"@id\":\"https:\\\/\\\/www.moanadeals.com\\\/es\\\/dashboard\\\/end-publish-assets\\\/#breadcrumb\",\"itemListElement\":[{\"@type\":\"ListItem\",\"position\":1,\"name\":\"Home\",\"item\":\"https:\\\/\\\/www.moanadeals.com\\\/es\\\/home-page\\\/\"},{\"@type\":\"ListItem\",\"position\":2,\"name\":\"Panel de Control\",\"item\":\"https:\\\/\\\/www.moanadeals.com\\\/es\\\/dashboard\\\/\"},{\"@type\":\"ListItem\",\"position\":3,\"name\":\"Finalizar recursos de publicaci\u00f3n\"}]},{\"@type\":\"WebSite\",\"@id\":\"https:\\\/\\\/www.moanadeals.com\\\/#website\",\"url\":\"https:\\\/\\\/www.moanadeals.com\\\/\",\"name\":\"Moana Deals\",\"description\":\"\",\"publisher\":{\"@id\":\"https:\\\/\\\/www.moanadeals.com\\\/#organization\"},\"potentialAction\":[{\"@type\":\"SearchAction\",\"target\":{\"@type\":\"EntryPoint\",\"urlTemplate\":\"https:\\\/\\\/www.moanadeals.com\\\/?s={search_term_string}\"},\"query-input\":{\"@type\":\"PropertyValueSpecification\",\"valueRequired\":true,\"valueName\":\"search_term_string\"}}],\"inLanguage\":\"es\"},{\"@type\":\"Organization\",\"@id\":\"https:\\\/\\\/www.moanadeals.com\\\/#organization\",\"name\":\"Moana Deals\",\"url\":\"https:\\\/\\\/www.moanadeals.com\\\/\",\"logo\":{\"@type\":\"ImageObject\",\"inLanguage\":\"es\",\"@id\":\"https:\\\/\\\/www.moanadeals.com\\\/#\\\/schema\\\/logo\\\/image\\\/\",\"url\":\"https:\\\/\\\/www.moanadeals.com\\\/wp-content\\\/uploads\\\/2024\\\/05\\\/cropped-moana_logo.png\",\"contentUrl\":\"https:\\\/\\\/www.moanadeals.com\\\/wp-content\\\/uploads\\\/2024\\\/05\\\/cropped-moana_logo.png\",\"width\":117,\"height\":40,\"caption\":\"Moana Deals\"},\"image\":{\"@id\":\"https:\\\/\\\/www.moanadeals.com\\\/#\\\/schema\\\/logo\\\/image\\\/\"}}]}<\/script>\n<!-- \/ Yoast SEO plugin. -->","yoast_head_json":{"title":"Finalizar recursos de publicaci\u00f3n - Moana Deals","robots":{"index":"index","follow":"follow","max-snippet":"max-snippet:-1","max-image-preview":"max-image-preview:large","max-video-preview":"max-video-preview:-1"},"canonical":"https:\/\/www.moanadeals.com\/es\/dashboard\/end-publish-assets\/","og_locale":"es_ES","og_type":"article","og_title":"Finalizar recursos de publicaci\u00f3n - Moana Deals","og_description":"Nuestro equipo lo revisar\u00e1 y contactar\u00e1 con usted en las pr\u00f3ximas 24 horas para conocer m\u00e1s detalles sobre su activo y comercializarlo al m\u00e1ximo de su potencial a trav\u00e9s de un\u00a0Teaser Ciego","og_url":"https:\/\/www.moanadeals.com\/es\/dashboard\/end-publish-assets\/","og_site_name":"Moana Deals","article_modified_time":"2024-11-20T16:24:15+00:00","twitter_card":"summary_large_image","schema":{"@context":"https:\/\/schema.org","@graph":[{"@type":"WebPage","@id":"https:\/\/www.moanadeals.com\/es\/dashboard\/end-publish-assets\/","url":"https:\/\/www.moanadeals.com\/es\/dashboard\/end-publish-assets\/","name":"Finalizar recursos de publicaci\u00f3n - Moana Deals","isPartOf":{"@id":"https:\/\/www.moanadeals.com\/#website"},"datePublished":"2024-05-07T02:23:49+00:00","dateModified":"2024-11-20T16:24:15+00:00","breadcrumb":{"@id":"https:\/\/www.moanadeals.com\/es\/dashboard\/end-publish-assets\/#breadcrumb"},"inLanguage":"es","potentialAction":[{"@type":"ReadAction","target":["https:\/\/www.moanadeals.com\/es\/dashboard\/end-publish-assets\/"]}]},{"@type":"BreadcrumbList","@id":"https:\/\/www.moanadeals.com\/es\/dashboard\/end-publish-assets\/#breadcrumb","itemListElement":[{"@type":"ListItem","position":1,"name":"Home","item":"https:\/\/www.moanadeals.com\/es\/home-page\/"},{"@type":"ListItem","position":2,"name":"Panel de Control","item":"https:\/\/www.moanadeals.com\/es\/dashboard\/"},{"@type":"ListItem","position":3,"name":"Finalizar recursos de publicaci\u00f3n"}]},{"@type":"WebSite","@id":"https:\/\/www.moanadeals.com\/#website","url":"https:\/\/www.moanadeals.com\/","name":"Moana Deals","description":"","publisher":{"@id":"https:\/\/www.moanadeals.com\/#organization"},"potentialAction":[{"@type":"SearchAction","target":{"@type":"EntryPoint","urlTemplate":"https:\/\/www.moanadeals.com\/?s={search_term_string}"},"query-input":{"@type":"PropertyValueSpecification","valueRequired":true,"valueName":"search_term_string"}}],"inLanguage":"es"},{"@type":"Organization","@id":"https:\/\/www.moanadeals.com\/#organization","name":"Moana Deals","url":"https:\/\/www.moanadeals.com\/","logo":{"@type":"ImageObject","inLanguage":"es","@id":"https:\/\/www.moanadeals.com\/#\/schema\/logo\/image\/","url":"https:\/\/www.moanadeals.com\/wp-content\/uploads\/2024\/05\/cropped-moana_logo.png","contentUrl":"https:\/\/www.moanadeals.com\/wp-content\/uploads\/2024\/05\/cropped-moana_logo.png","width":117,"height":40,"caption":"Moana Deals"},"image":{"@id":"https:\/\/www.moanadeals.com\/#\/schema\/logo\/image\/"}}]}},"_links":{"self":[{"href":"https:\/\/www.moanadeals.com\/es\/wp-json\/wp\/v2\/pages\/20852","targetHints":{"allow":["GET"]}}],"collection":[{"href":"https:\/\/www.moanadeals.com\/es\/wp-json\/wp\/v2\/pages"}],"about":[{"href":"https:\/\/www.moanadeals.com\/es\/wp-json\/wp\/v2\/types\/page"}],"author":[{"embeddable":true,"href":"https:\/\/www.moanadeals.com\/es\/wp-json\/wp\/v2\/users\/2"}],"replies":[{"embeddable":true,"href":"https:\/\/www.moanadeals.com\/es\/wp-json\/wp\/v2\/comments?post=20852"}],"version-history":[{"count":2,"href":"https:\/\/www.moanadeals.com\/es\/wp-json\/wp\/v2\/pages\/20852\/revisions"}],"predecessor-version":[{"id":23408,"href":"https:\/\/www.moanadeals.com\/es\/wp-json\/wp\/v2\/pages\/20852\/revisions\/23408"}],"up":[{"embeddable":true,"href":"https:\/\/www.moanadeals.com\/es\/wp-json\/wp\/v2\/pages\/20827"}],"wp:attachment":[{"href":"https:\/\/www.moanadeals.com\/es\/wp-json\/wp\/v2\/media?parent=20852"}],"curies":[{"name":"wp","href":"https:\/\/api.w.org\/{rel}","templated":true}]}}