



{"id":20771,"date":"2024-06-05T13:26:44","date_gmt":"2024-06-05T13:26:44","guid":{"rendered":"https:\/\/moanadeals.com\/registro\/"},"modified":"2024-09-05T05:04:40","modified_gmt":"2024-09-05T03:04:40","slug":"registration","status":"publish","type":"page","link":"https:\/\/www.moanadeals.com\/es\/registration\/","title":{"rendered":"Registro"},"content":{"rendered":"\n<div id=\"wp-block-themeisle-blocks-advanced-columns-310fd3a2\" class=\"wp-block-themeisle-blocks-advanced-columns has-1-columns has-desktop-equal-layout has-tablet-equal-layout has-mobile-equal-layout has-vertical-unset\"><div class=\"wp-block-themeisle-blocks-advanced-columns-overlay\"><\/div><div class=\"innerblocks-wrap\">\n<div id=\"wp-block-themeisle-blocks-advanced-column-5d44c3f2\" class=\"wp-block-themeisle-blocks-advanced-column form-width-register\">\n<h1 id=\"wp-block-themeisle-blocks-advanced-heading-1d1b20fc\" class=\"wp-block-themeisle-blocks-advanced-heading wp-block-themeisle-blocks-advanced-heading-1d1b20fc\"><strong>Registro<\/strong><\/h1>\n\n\n\n<p class=\"has-text-align-center paragraph1\">Acceda a una red global de inversores y transacciones personalizadas. Origine, analice y cierre, todo en un mismo sitio.<\/p>\n<\/div>\n<\/div><\/div>\n\n\n<div class='fluentform ff-default fluentform_wrapper_35 form-width-register ff_guten_block ff_guten_block-35 ffs_default_wrap'><form data-form_id=\"35\" id=\"fluentform_35\" class=\"frm-fluent-form fluent_form_35 ff-el-form-top ff_form_instance_35_1 ff-form-loading ffs_default\" data-form_instance=\"ff_form_instance_35_1\" method=\"POST\" ><fieldset  style=\"border: none!important;margin: 0!important;padding: 0!important;background-color: transparent!important;box-shadow: none!important;outline: none!important; min-inline-size: 100%;\">\n                    <legend class=\"ff_screen_reader_title\" style=\"display: block; margin: 0!important;padding: 0!important;height: 0!important;text-indent: -999999px;width: 0!important;overflow:hidden;\">RegisterForm ES<\/legend>        <div\n                style=\"display: none!important; position: absolute!important; transform: translateX(1000%)!important;\"\n                class=\"ff-el-group ff-hpsf-container\"\n        >\n            <div class=\"ff-el-input--label asterisk-right\">\n                <label for=\"ff_35_item_sf\" aria-label=\"Notify\">\n                    Notify                <\/label>\n            <\/div>\n            <div class=\"ff-el-input--content\">\n                <input type=\"text\"\n                       name=\"item_35__fluent_sf\"\n                       class=\"ff-el-form-control\"\n                       id=\"ff_35_item_sf\"\n                \/>\n            <\/div>\n        <\/div>\n        <input type='hidden' name='__fluent_form_embded_post_id' value='20771' \/><input type=\"hidden\" id=\"_fluentform_35_fluentformnonce\" name=\"_fluentform_35_fluentformnonce\" value=\"b3a76e59c1\" \/><input type=\"hidden\" name=\"_wp_http_referer\" value=\"\/es\/wp-json\/wp\/v2\/pages\/20771\" \/><div data-name=\"ff_cn_id_1\"  class='ff-t-container ff-column-container ff_columns_total_1 '><div class='ff-t-cell ff-t-column-1' style='flex-basis: 100%;'><div data-type=\"name-element\" data-name=\"names\" class=\" ff-field_container ff-name-field-wrapper\" ><div class='ff-t-container'><div class='ff-t-cell '><div class='ff-el-group  ff-el-form-top'><div class=\"ff-el-input--label ff-el-is-required asterisk-right\"><label for='ff_35_names_first_name_' id='label_ff_35_names_first_name_' >Nombre<\/label><\/div><div class='ff-el-input--content'><input type=\"text\" name=\"names[first_name]\" id=\"ff_35_names_first_name_\" class=\"ff-el-form-control\" placeholder=\"Nombre\" aria-invalid=\"false\" aria-required=true><\/div><\/div><\/div><div class='ff-t-cell '><div class='ff-el-group  ff-el-form-top'><div class=\"ff-el-input--label ff-el-is-required asterisk-right\"><label for='ff_35_names_last_name_' id='label_ff_35_names_last_name_' >Apellidos<\/label><\/div><div class='ff-el-input--content'><input type=\"text\" name=\"names[last_name]\" id=\"ff_35_names_last_name_\" class=\"ff-el-form-control\" placeholder=\"Apellidos\" aria-invalid=\"false\" aria-required=true><\/div><\/div><\/div><\/div><\/div><\/div><\/div><div data-name=\"ff_cn_id_2\"  class='ff-t-container ff-column-container ff_columns_total_2 '><div class='ff-t-cell ff-t-column-1' style='flex-basis: 50%;'><div class='ff-el-group'><div class=\"ff-el-input--label asterisk-right\"><label for='ff_35_phone_number' id='label_ff_35_phone_number' aria-label=\"N\u00famero de tel\u00e9fono\">N\u00famero de tel\u00e9fono<\/label><\/div><div class='ff-el-input--content'><input name=\"phone_number\" class=\"ff-el-form-control ff-el-phone ff_el_with_extended_validation\" type=\"tel\" placeholder=\"N\u00famero de tel\u00e9fono\" data-name=\"phone_number\" id=\"ff_35_phone_number\" inputmode=\"tel\"  aria-invalid='false' aria-required=false><\/div><\/div><div class='ff-el-group'><div class=\"ff-el-input--label ff-el-is-required asterisk-right\"><label   aria-label=\"Tipo de usuario\">Tipo de usuario<\/label><\/div><div class='ff-el-input--content'><div class='ff-el-form-check ff-el-form-check-'><label class='ff-el-form-check-label' for='role_b68b0c8627b7da9671089b6d58557275'><input  type=\"radio\" name=\"role\" data-name=\"role\" class=\"ff-el-form-check-input ff-el-form-check-radio\" value=\"seller\"  id='role_b68b0c8627b7da9671089b6d58557275' aria-label='Vendedor' aria-invalid='false' aria-required=true> <span>Vendedor<\/span><\/label><\/div><div class='ff-el-form-check ff-el-form-check-'><label class='ff-el-form-check-label' for='role_ec835bc87dc658f218072c91d37830d9'><input  type=\"radio\" name=\"role\" data-name=\"role\" class=\"ff-el-form-check-input ff-el-form-check-radio\" value=\"buyer\"  id='role_ec835bc87dc658f218072c91d37830d9' aria-label='Comprador' aria-invalid='false' aria-required=true> <span>Comprador<\/span><\/label><\/div><\/div><\/div><div class='ff-el-group'><div class=\"ff-el-input--label ff-el-is-required asterisk-right\"><label for='ff_35_company_name' id='label_ff_35_company_name' >Nombre de empresa<\/label><\/div><div class='ff-el-input--content'><input type=\"text\" name=\"company_name\" class=\"ff-el-form-control\" placeholder=\"Nombre de empresa\" data-name=\"company_name\" id=\"ff_35_company_name\"  aria-invalid=\"false\" aria-required=true><\/div><\/div><\/div><div class='ff-t-cell ff-t-column-2' style='flex-basis: 50%;'><div class='ff-el-group'><div class=\"ff-el-input--label ff-el-is-required asterisk-right\"><label for='ff_35_email' id='label_ff_35_email' aria-label=\"Correo electr\u00f3nico\">Correo electr\u00f3nico<\/label><\/div><div class='ff-el-input--content'><input type=\"email\" name=\"email\" id=\"ff_35_email\" class=\"ff-el-form-control\" placeholder=\"Correo electr\u00f3nico\" data-name=\"email\"  aria-invalid=\"false\" aria-required=true><\/div><\/div><div class='ff-el-group'><div class=\"ff-el-input--label ff-el-is-required asterisk-right\"><label for='ff_35_password_confirm' id='label_ff_35_password_confirm' aria-label=\"Confirmar contrase\u00f1a\">Confirmar contrase\u00f1a<\/label><\/div><div class='ff-el-input--content'><input type=\"password\" name=\"password_confirm\" id=\"ff_35_password_confirm\" class=\"ff-el-form-control\" placeholder=\"Confirmar contrase\u00f1a\" data-name=\"password_confirm\"  aria-invalid=\"false\" aria-required=true><\/div><\/div><div class='ff-el-group'><div class=\"ff-el-input--label ff-el-is-required asterisk-right\"><label for='ff_35_password' id='label_ff_35_password' aria-label=\"Contrase\u00f1a\">Contrase\u00f1a<\/label><\/div><div class='ff-el-input--content'><input type=\"password\" name=\"password\" id=\"ff_35_password\" class=\"ff-el-form-control\" placeholder=\"Contrase\u00f1a\" data-name=\"password\"  aria-invalid=\"false\" aria-required=true><\/div><\/div><\/div><\/div><div class='ff-el-group    ff-el-input--content'><div class='ff-el-form-check ff-el-tc'><label aria-label='T\u00e9rminos y condiciones: He le\u00eddo y acepto la Pol\u00edtica de privacidad Contiene 1 enlace. Usa la navegaci\u00f3n por pesta\u00f1as para rese\u00f1ar.' class='ff-el-form-check-label ff_tc_label' for=terms-n-condition_c1d7cc5f42589c67314c72658e1d8d7d><span class='ff_tc_checkbox'><input type=\"checkbox\" name=\"terms-n-condition\" class=\"ff-el-form-check-input\" data-name=\"terms-n-condition\" id=\"terms-n-condition_c1d7cc5f42589c67314c72658e1d8d7d\"  value='on' aria-invalid='false' aria-required=true><\/span> <div class='ff_t_c'><p>He le\u00eddo y acepto la <span style=\"color: #2b77be\"><a style=\"color: #2b77be\" href=\"\/es\/moana-privacy-policy\" target=\"_blank\" rel=\"noopener\">Pol\u00edtica de privacidad<\/a><\/span><\/p><\/div><\/label><\/div><\/div><div class='ff-el-group ff-text-center ff_submit_btn_wrapper'><button type=\"submit\" class=\"ff-btn ff-btn-submit ff-btn-lg bg-darkblue ff_btn_style wpf_has_custom_css\"  aria-label=\"Siguiente\">Siguiente<\/button><\/div><\/fieldset><\/form><div id='fluentform_35_errors' class='ff-errors-in-stack ff_form_instance_35_1 ff-form-loading_errors ff_form_instance_35_1_errors'><\/div><\/div>            <script type=\"text\/javascript\">\n                window.fluent_form_ff_form_instance_35_1 = {\"id\":\"35\",\"ajaxUrl\":\"https:\\\/\\\/www.moanadeals.com\\\/wp-admin\\\/admin-ajax.php\",\"settings\":{\"layout\":{\"labelPlacement\":\"top\",\"helpMessagePlacement\":\"with_label\",\"errorMessagePlacement\":\"inline\",\"cssClassName\":\"\",\"asteriskPlacement\":\"asterisk-right\"},\"restrictions\":{\"denyEmptySubmission\":{\"enabled\":false}}},\"form_instance\":\"ff_form_instance_35_1\",\"form_id_selector\":\"fluentform_35\",\"rules\":{\"names[first_name]\":{\"required\":{\"value\":true,\"message\":\"This field is required\",\"global_message\":\"This field is required\",\"global\":true}},\"names[middle_name]\":{\"required\":{\"value\":false,\"message\":\"This field is required\",\"global_message\":\"This field is required\",\"global\":true}},\"names[last_name]\":{\"required\":{\"value\":true,\"message\":\"Este campo es obligatorio\",\"global_message\":\"This field is required\",\"global\":false}},\"phone_number\":{\"required\":{\"value\":false,\"message\":\"This field is required\",\"global\":false,\"global_message\":\"This field is required\"},\"valid_phone_number\":{\"value\":true,\"message\":\"El n\\u00famero de tel\\u00e9fono no es v\\u00e1lido\",\"global\":false,\"global_message\":\"Phone number is not valid\"}},\"role\":{\"required\":{\"value\":true,\"message\":\"Este campo es obligatorio\",\"global_message\":\"This field is required\",\"global\":false}},\"company_name\":{\"required\":{\"value\":true,\"message\":\"Este campo es obligatorio\",\"global_message\":\"This field is required\",\"global\":false}},\"email\":{\"required\":{\"value\":true,\"message\":\"Este campo es obligatorio\",\"global_message\":\"This field is required\",\"global\":false},\"email\":{\"value\":true,\"message\":\"Este campo debe contener un correo electr\\u00f3nico v\\u00e1lido.\",\"global_message\":\"This field must contain a valid email\",\"global\":false}},\"password_confirm\":{\"required\":{\"value\":true,\"message\":\"Este campo es obligatorio\",\"global_message\":\"This field is required\",\"global\":false}},\"password\":{\"required\":{\"value\":true,\"message\":\"Este campo es obligatorio\",\"global_message\":\"This field is required\",\"global\":false}},\"terms-n-condition\":{\"required\":{\"value\":true,\"message\":\"This field is required\",\"global_message\":\"This field is required\",\"global\":true}}},\"debounce_time\":300};\n                            <\/script>\n            \n\n\n<p class=\"has-text-align-center\">\u00bfYa tienes una cuenta? <a href=\"https:\/\/www.moanadeals.com\/es\/login\/\" data-type=\"page\" data-id=\"622\"><strong><mark style=\"background-color:rgba(0, 0, 0, 0)\" class=\"has-inline-color has-accent-color\">Iniciar sesi\u00f3n<\/mark><\/strong><\/a><\/p>\n\n\n\n<div id=\"wp-block-themeisle-blocks-button-group-51b0d3cd\" class=\"wp-block-themeisle-blocks-button-group wp-block-buttons align-center-desktop\">\n<div id=\"wp-block-themeisle-blocks-button-60f53452\" class=\"wp-block-themeisle-blocks-button wp-block-button link\"><a href=\"https:\/\/www.moanadeals.com\/es\/\" target=\"_self\" rel=\"noopener noreferrer\" class=\"wp-block-button__link\"><i class=\"fas fa-fw fa-chevron-left margin-right\"><\/i><span>Atr\u00e1s<\/span><\/a><\/div>\n<\/div>\n","protected":false},"excerpt":{"rendered":"<p>\u00bfYa tienes una cuenta? Iniciar sesi\u00f3n<\/p>\n","protected":false},"author":2,"featured_media":0,"parent":0,"menu_order":0,"comment_status":"closed","ping_status":"closed","template":"page\/public-template.php","meta":{"_acf_changed":false,"_themeisle_gutenberg_block_has_review":false,"footnotes":""},"class_list":["post-20771","page","type-page","status-publish"],"acf":[],"yoast_head":"<!-- This site is optimized with the Yoast SEO plugin v27.4 - https:\/\/yoast.com\/product\/yoast-seo-wordpress\/ -->\n<title>Registro - Moana Deals<\/title>\n<meta name=\"robots\" content=\"index, follow, max-snippet:-1, max-image-preview:large, max-video-preview:-1\" \/>\n<link rel=\"canonical\" href=\"https:\/\/www.moanadeals.com\/es\/registration\/\" \/>\n<meta property=\"og:locale\" content=\"es_ES\" \/>\n<meta property=\"og:type\" content=\"article\" \/>\n<meta property=\"og:title\" content=\"Registro - Moana Deals\" \/>\n<meta property=\"og:description\" content=\"\u00bfYa tienes una cuenta? Iniciar sesi\u00f3n\" \/>\n<meta property=\"og:url\" content=\"https:\/\/www.moanadeals.com\/es\/registration\/\" \/>\n<meta property=\"og:site_name\" content=\"Moana Deals\" \/>\n<meta property=\"article:modified_time\" content=\"2024-09-05T03:04:40+00:00\" \/>\n<meta name=\"twitter:card\" content=\"summary_large_image\" \/>\n<meta name=\"twitter:label1\" content=\"Tiempo de lectura\" \/>\n\t<meta name=\"twitter:data1\" content=\"1 minuto\" \/>\n<script type=\"application\/ld+json\" class=\"yoast-schema-graph\">{\"@context\":\"https:\\\/\\\/schema.org\",\"@graph\":[{\"@type\":\"WebPage\",\"@id\":\"https:\\\/\\\/www.moanadeals.com\\\/es\\\/registration\\\/\",\"url\":\"https:\\\/\\\/www.moanadeals.com\\\/es\\\/registration\\\/\",\"name\":\"Registro - Moana Deals\",\"isPartOf\":{\"@id\":\"https:\\\/\\\/www.moanadeals.com\\\/#website\"},\"datePublished\":\"2024-06-05T13:26:44+00:00\",\"dateModified\":\"2024-09-05T03:04:40+00:00\",\"breadcrumb\":{\"@id\":\"https:\\\/\\\/www.moanadeals.com\\\/es\\\/registration\\\/#breadcrumb\"},\"inLanguage\":\"es\",\"potentialAction\":[{\"@type\":\"ReadAction\",\"target\":[\"https:\\\/\\\/www.moanadeals.com\\\/es\\\/registration\\\/\"]}]},{\"@type\":\"BreadcrumbList\",\"@id\":\"https:\\\/\\\/www.moanadeals.com\\\/es\\\/registration\\\/#breadcrumb\",\"itemListElement\":[{\"@type\":\"ListItem\",\"position\":1,\"name\":\"Home\",\"item\":\"https:\\\/\\\/www.moanadeals.com\\\/es\\\/home-page\\\/\"},{\"@type\":\"ListItem\",\"position\":2,\"name\":\"Registro\"}]},{\"@type\":\"WebSite\",\"@id\":\"https:\\\/\\\/www.moanadeals.com\\\/#website\",\"url\":\"https:\\\/\\\/www.moanadeals.com\\\/\",\"name\":\"Moana Deals\",\"description\":\"\",\"publisher\":{\"@id\":\"https:\\\/\\\/www.moanadeals.com\\\/#organization\"},\"potentialAction\":[{\"@type\":\"SearchAction\",\"target\":{\"@type\":\"EntryPoint\",\"urlTemplate\":\"https:\\\/\\\/www.moanadeals.com\\\/?s={search_term_string}\"},\"query-input\":{\"@type\":\"PropertyValueSpecification\",\"valueRequired\":true,\"valueName\":\"search_term_string\"}}],\"inLanguage\":\"es\"},{\"@type\":\"Organization\",\"@id\":\"https:\\\/\\\/www.moanadeals.com\\\/#organization\",\"name\":\"Moana Deals\",\"url\":\"https:\\\/\\\/www.moanadeals.com\\\/\",\"logo\":{\"@type\":\"ImageObject\",\"inLanguage\":\"es\",\"@id\":\"https:\\\/\\\/www.moanadeals.com\\\/#\\\/schema\\\/logo\\\/image\\\/\",\"url\":\"https:\\\/\\\/www.moanadeals.com\\\/wp-content\\\/uploads\\\/2024\\\/05\\\/cropped-moana_logo.png\",\"contentUrl\":\"https:\\\/\\\/www.moanadeals.com\\\/wp-content\\\/uploads\\\/2024\\\/05\\\/cropped-moana_logo.png\",\"width\":117,\"height\":40,\"caption\":\"Moana Deals\"},\"image\":{\"@id\":\"https:\\\/\\\/www.moanadeals.com\\\/#\\\/schema\\\/logo\\\/image\\\/\"}}]}<\/script>\n<!-- \/ Yoast SEO plugin. -->","yoast_head_json":{"title":"Registro - Moana Deals","robots":{"index":"index","follow":"follow","max-snippet":"max-snippet:-1","max-image-preview":"max-image-preview:large","max-video-preview":"max-video-preview:-1"},"canonical":"https:\/\/www.moanadeals.com\/es\/registration\/","og_locale":"es_ES","og_type":"article","og_title":"Registro - Moana Deals","og_description":"\u00bfYa tienes una cuenta? Iniciar sesi\u00f3n","og_url":"https:\/\/www.moanadeals.com\/es\/registration\/","og_site_name":"Moana Deals","article_modified_time":"2024-09-05T03:04:40+00:00","twitter_card":"summary_large_image","twitter_misc":{"Tiempo de lectura":"1 minuto"},"schema":{"@context":"https:\/\/schema.org","@graph":[{"@type":"WebPage","@id":"https:\/\/www.moanadeals.com\/es\/registration\/","url":"https:\/\/www.moanadeals.com\/es\/registration\/","name":"Registro - Moana Deals","isPartOf":{"@id":"https:\/\/www.moanadeals.com\/#website"},"datePublished":"2024-06-05T13:26:44+00:00","dateModified":"2024-09-05T03:04:40+00:00","breadcrumb":{"@id":"https:\/\/www.moanadeals.com\/es\/registration\/#breadcrumb"},"inLanguage":"es","potentialAction":[{"@type":"ReadAction","target":["https:\/\/www.moanadeals.com\/es\/registration\/"]}]},{"@type":"BreadcrumbList","@id":"https:\/\/www.moanadeals.com\/es\/registration\/#breadcrumb","itemListElement":[{"@type":"ListItem","position":1,"name":"Home","item":"https:\/\/www.moanadeals.com\/es\/home-page\/"},{"@type":"ListItem","position":2,"name":"Registro"}]},{"@type":"WebSite","@id":"https:\/\/www.moanadeals.com\/#website","url":"https:\/\/www.moanadeals.com\/","name":"Moana Deals","description":"","publisher":{"@id":"https:\/\/www.moanadeals.com\/#organization"},"potentialAction":[{"@type":"SearchAction","target":{"@type":"EntryPoint","urlTemplate":"https:\/\/www.moanadeals.com\/?s={search_term_string}"},"query-input":{"@type":"PropertyValueSpecification","valueRequired":true,"valueName":"search_term_string"}}],"inLanguage":"es"},{"@type":"Organization","@id":"https:\/\/www.moanadeals.com\/#organization","name":"Moana Deals","url":"https:\/\/www.moanadeals.com\/","logo":{"@type":"ImageObject","inLanguage":"es","@id":"https:\/\/www.moanadeals.com\/#\/schema\/logo\/image\/","url":"https:\/\/www.moanadeals.com\/wp-content\/uploads\/2024\/05\/cropped-moana_logo.png","contentUrl":"https:\/\/www.moanadeals.com\/wp-content\/uploads\/2024\/05\/cropped-moana_logo.png","width":117,"height":40,"caption":"Moana Deals"},"image":{"@id":"https:\/\/www.moanadeals.com\/#\/schema\/logo\/image\/"}}]}},"_links":{"self":[{"href":"https:\/\/www.moanadeals.com\/es\/wp-json\/wp\/v2\/pages\/20771","targetHints":{"allow":["GET"]}}],"collection":[{"href":"https:\/\/www.moanadeals.com\/es\/wp-json\/wp\/v2\/pages"}],"about":[{"href":"https:\/\/www.moanadeals.com\/es\/wp-json\/wp\/v2\/types\/page"}],"author":[{"embeddable":true,"href":"https:\/\/www.moanadeals.com\/es\/wp-json\/wp\/v2\/users\/2"}],"replies":[{"embeddable":true,"href":"https:\/\/www.moanadeals.com\/es\/wp-json\/wp\/v2\/comments?post=20771"}],"version-history":[{"count":4,"href":"https:\/\/www.moanadeals.com\/es\/wp-json\/wp\/v2\/pages\/20771\/revisions"}],"predecessor-version":[{"id":22535,"href":"https:\/\/www.moanadeals.com\/es\/wp-json\/wp\/v2\/pages\/20771\/revisions\/22535"}],"wp:attachment":[{"href":"https:\/\/www.moanadeals.com\/es\/wp-json\/wp\/v2\/media?parent=20771"}],"curies":[{"name":"wp","href":"https:\/\/api.w.org\/{rel}","templated":true}]}}