



{"id":20707,"date":"2024-05-16T18:46:56","date_gmt":"2024-05-16T13:46:56","guid":{"rendered":"https:\/\/moanadeals.com\/precios\/"},"modified":"2025-04-09T01:58:17","modified_gmt":"2025-04-08T20:58:17","slug":"pricing","status":"publish","type":"page","link":"https:\/\/www.moanadeals.com\/es\/pricing\/","title":{"rendered":"Precios"},"content":{"rendered":"\n<div class=\"wp-block-columns columns_title_page_container_style_class is-layout-flex wp-container-core-columns-is-layout-9d6595d7 wp-block-columns-is-layout-flex\">\n<div class=\"wp-block-column is-layout-flow wp-block-column-is-layout-flow\">\n<h1 id=\"wp-block-themeisle-blocks-advanced-heading-d0f9630f\" class=\"wp-block-themeisle-blocks-advanced-heading wp-block-themeisle-blocks-advanced-heading-d0f9630f pricing_title_style_class\">Precios<\/h1>\n<\/div>\n<\/div>\n\n\n\n<div class=\"wp-block-columns columns_container_first_section_style_class is-layout-flex wp-container-core-columns-is-layout-9d6595d7 wp-block-columns-is-layout-flex\">\n<div class=\"wp-block-column left_column_container is-layout-flow wp-block-column-is-layout-flow\">\n<div class=\"wp-block-group left_column_group_container\"><div class=\"wp-block-group__inner-container is-layout-constrained wp-block-group-is-layout-constrained\">\n<div class=\"wp-block-group left_column_group_container_header\"><div class=\"wp-block-group__inner-container is-layout-constrained wp-block-group-is-layout-constrained\">\n<div style=\"height:26px\" aria-hidden=\"true\" class=\"wp-block-spacer circle_decorator_heaser_card1_movil_view\"><\/div>\n\n\n\n<h2 id=\"wp-block-themeisle-blocks-advanced-heading-fbf6436e\" class=\"wp-block-themeisle-blocks-advanced-heading wp-block-themeisle-blocks-advanced-heading-fbf6436e header1_title_style_class\"><br>Solo comisi\u00f3n de \u00e9xito<\/h2>\n<\/div><\/div>\n\n\n\n<p class=\"has-text-align-left info_text_style_class\">Solo cobraremos una peque\u00f1a comisi\u00f3n de \u00e9xito si cierra una transacci\u00f3n gracias nuestra plataforma. No hay cuotas de inscripci\u00f3n ni pagos por adelantado.<\/p>\n<\/div><\/div>\n\n\n\n<div class=\"wp-block-group left_column_group_container\"><div class=\"wp-block-group__inner-container is-layout-constrained wp-block-group-is-layout-constrained\">\n<div class=\"wp-block-group left_column_group_container_header\"><div class=\"wp-block-group__inner-container is-layout-constrained wp-block-group-is-layout-constrained\">\n<div style=\"height:26px\" aria-hidden=\"true\" class=\"wp-block-spacer circle_decorator_heaser_card1_movil_view\"><\/div>\n\n\n\n<h2 id=\"wp-block-themeisle-blocks-advanced-heading-9fcc9ecf\" class=\"wp-block-themeisle-blocks-advanced-heading wp-block-themeisle-blocks-advanced-heading-9fcc9ecf header2_title_style_class\">Queremos ser su socio a largo plazo<\/h2>\n<\/div><\/div>\n\n\n\n<p class=\"has-text-align-left info_text_style_class\">Cuantas m\u00e1s transacciones le ayudemos a cerrar, menos pagar\u00e1. Si cierra &gt;2 transacciones con nosotros (independientemente del rango de precio), nuestra comisi\u00f3n de \u00e9xito se reducir\u00e1 significativamente.<\/p>\n<\/div><\/div>\n<\/div>\n\n\n\n<div class=\"wp-block-column right_column_container is-layout-flow wp-block-column-is-layout-flow\">\n<figure class=\"wp-block-table table_container_style_class\"><table><tbody><tr><td class=\"has-text-align-left\" data-align=\"left\">Rango de precios de transferencia<\/td><td class=\"has-text-align-center\" data-align=\"center\">% Comisi\u00f3n de \u00e9xito primeras 2 transacciones cerradas<\/td><td class=\"has-text-align-center\" data-align=\"center\">% Comisi\u00f3n de \u00e9xito despu\u00e9s de 2 transacciones cerradas<\/td><\/tr><tr><td class=\"has-text-align-left\" data-align=\"left\">Hasta 10M\u20ac<\/td><td class=\"has-text-align-center\" data-align=\"center\">0.60%<\/td><td class=\"has-text-align-center\" data-align=\"center\">0.50%<\/td><\/tr><tr><td class=\"has-text-align-left\" data-align=\"left\">De 10M\u20ac a 40M\u20ac<\/td><td class=\"has-text-align-center\" data-align=\"center\">0.50%<\/td><td class=\"has-text-align-center\" data-align=\"center\">0.40%<\/td><\/tr><tr><td class=\"has-text-align-left\" data-align=\"left\">De 40M\u20ac a 100M\u20ac<\/td><td class=\"has-text-align-center\" data-align=\"center\">0.30%<\/td><td class=\"has-text-align-center\" data-align=\"center\">0.20%<\/td><\/tr><tr><td class=\"has-text-align-left\" data-align=\"left\">M\u00e1s de 100M\u20ac<\/td><td class=\"has-text-align-center\" data-align=\"center\">0.20%<\/td><td class=\"has-text-align-center\" data-align=\"center\">0.10%<\/td><\/tr><\/tbody><\/table><\/figure>\n<\/div>\n<\/div>\n\n\n\n<div class=\"wp-block-group fourt_section_container_style_class is-vertical is-content-justification-center is-layout-flex wp-container-core-group-is-layout-4b2eccd6 wp-block-group-is-layout-flex\">\n<div class=\"wp-block-columns are-vertically-aligned-center up_columns_container_style_class is-layout-flex wp-container-core-columns-is-layout-9d6595d7 wp-block-columns-is-layout-flex\">\n<div class=\"wp-block-column is-vertically-aligned-center column_container_style_class is-layout-flow wp-block-column-is-layout-flow\">\n<h2 id=\"wp-block-themeisle-blocks-advanced-heading-f2fec2e1\" class=\"wp-block-themeisle-blocks-advanced-heading wp-block-themeisle-blocks-advanced-heading-f2fec2e1 title_style_class\">Moana vs. Competencia<\/h2>\n\n\n\n<p class=\"has-text-align-center info_text_style_class\">A diferencia de la competencia, no pediremos exclusividad. Nuestra estructura de honorarios est\u00e1 dise\u00f1ada para ayudarle a ahorrar costes en la transacci\u00f3n.<\/p>\n<\/div>\n<\/div>\n\n\n\n<div class=\"wp-block-columns are-vertically-aligned-center down_columns_container_style_class is-layout-flex wp-container-core-columns-is-layout-9d6595d7 wp-block-columns-is-layout-flex\">\n<div class=\"wp-block-column is-vertically-aligned-center column_container_style_class is-layout-flow wp-block-column-is-layout-flow\">\n<figure class=\"wp-block-table table_container_style_class\"><table><tbody><tr><td><\/td><td class=\"has-text-align-center\" data-align=\"center\">Moana Deals<\/td><td class=\"has-text-align-center\" data-align=\"center\">Empresa X<\/td><td class=\"has-text-align-center\" data-align=\"center\">Empresa Y<\/td><\/tr><tr><td>Exclusividad del mandato<\/td><td class=\"has-text-align-center\" data-align=\"center\">Sin exclusividad<br> <\/td><td class=\"has-text-align-center\" data-align=\"center\">Exclusividad<\/td><td class=\"has-text-align-center\" data-align=\"center\">Exclusividad<\/td><\/tr><tr><td>Honorario anticipado<\/td><td class=\"has-text-align-center\" data-align=\"center\">Sin cobro<\/td><td class=\"has-text-align-center\" data-align=\"center\">Cobro<\/td><td class=\"has-text-align-center\" data-align=\"center\">Sin cobro<\/td><\/tr><tr><td>Honorario por materiales de marketing (Teaser, Info Memo,etc.)<\/td><td class=\"has-text-align-center\" data-align=\"center\">Sin cobro<\/td><td class=\"has-text-align-center\" data-align=\"center\">Cobro<\/td><td class=\"has-text-align-center\" data-align=\"center\">Sin cobro<\/td><\/tr><tr><td>% de comisi\u00f3n de \u00e9xito (ejemplo de transacci\u00f3n de 10M\u20ac)<\/td><td class=\"has-text-align-center\" data-align=\"center\">0.60%<\/td><td class=\"has-text-align-center\" data-align=\"center\">5%<\/td><td class=\"has-text-align-center\" data-align=\"center\">3%<\/td><\/tr><tr><td>\u00bfQui\u00e9n paga la comisi\u00f3n de \u00e9xito, el vendedor o el comprador?<\/td><td class=\"has-text-align-center\" data-align=\"center\">Ambos (reduce costes y alinea intereses para cerrar)<\/td><td class=\"has-text-align-center\" data-align=\"center\">El vendedor paga todo<\/td><td class=\"has-text-align-center\" data-align=\"center\">El comprador paga todo<\/td><\/tr><\/tbody><\/table><\/figure>\n<\/div>\n<\/div>\n<\/div>\n\n\n\n<div class=\"wp-block-columns center-items is-layout-flex wp-container-core-columns-is-layout-9d6595d7 wp-block-columns-is-layout-flex\">\n<div class=\"wp-block-column is-vertically-aligned-center fromOpacityScale join_card join_card_es is-layout-flow wp-block-column-is-layout-flow\" style=\"flex-basis:1142px\">\n<p class=\"has-text-align-center paragraph1\">\u00danase a nuestra red exclusiva de inversores y oportunidades inmobiliarias off-market en todo el mundo.<\/p>\n\n\n\n<div id=\"wp-block-themeisle-blocks-button-group-4b0e5775\" class=\"wp-block-themeisle-blocks-button-group wp-block-buttons align-center-desktop\">\n<div id=\"wp-block-themeisle-blocks-button-43e44603\" class=\"wp-block-themeisle-blocks-button wp-block-button fill join_buttons_class_style_es\"><a href=\"https:\/\/www.moanadeals.com\/registration\/?role=seller\" target=\"_self\" rel=\"noopener noreferrer\" class=\"wp-block-button__link\"><span><strong>Registrarme como vendedor<\/strong><\/span><\/a><\/div>\n\n\n\n<div id=\"wp-block-themeisle-blocks-button-d44deed0\" class=\"wp-block-themeisle-blocks-button wp-block-button fill join_buttons_class_style_es\"><a href=\"https:\/\/www.moanadeals.com\/registration\/?role=buyer\" target=\"_self\" rel=\"noopener noreferrer\" class=\"wp-block-button__link\"><span><strong>Registrarme como comprador<\/strong><\/span><\/a><\/div>\n<\/div>\n<\/div>\n<\/div>\n\n\n\n<div class=\"wp-block-group contactus_section_container_style_class is-vertical is-content-justification-center is-layout-flex wp-container-core-group-is-layout-dae89687 wp-block-group-is-layout-flex\">\n<h2 id=\"wp-block-themeisle-blocks-advanced-heading-e848542b\" class=\"wp-block-themeisle-blocks-advanced-heading wp-block-themeisle-blocks-advanced-heading-e848542b\">Ponerse en contacto<\/h2>\n\n\n\n<p class=\"has-text-align-center description_paragraph_style\">Nuestro equipo lo acompa\u00f1ar\u00e1 en cada etapa del proceso para cerrar con \u00e9xito.<\/p>\n\n\n\n<div class=\"wp-block-columns bottom_column_section_style is-layout-flex wp-container-core-columns-is-layout-9d6595d7 wp-block-columns-is-layout-flex\">\n<div class=\"wp-block-column shortcode_column_container_class is-layout-flow wp-block-column-is-layout-flow\" style=\"flex-basis:65%\"><div class='fluentform ff-default fluentform_wrapper_32 ffs_default_wrap'><form data-form_id=\"32\" id=\"fluentform_32\" class=\"frm-fluent-form fluent_form_32 ff-el-form-top ff_form_instance_32_1 ff-form-loading ff_has_v3_recptcha ffs_default\" data-form_instance=\"ff_form_instance_32_1\" method=\"POST\" data-recptcha_key=\"6LdQOU8rAAAAAL2zdRqLrdgyfe72tCxfM6jwc7es\" ><fieldset  style=\"border: none!important;margin: 0!important;padding: 0!important;background-color: transparent!important;box-shadow: none!important;outline: none!important; min-inline-size: 100%;\">\n                    <legend class=\"ff_screen_reader_title\" style=\"display: block; margin: 0!important;padding: 0!important;height: 0!important;text-indent: -999999px;width: 0!important;overflow:hidden;\">Contact Form Home ES<\/legend>        <div\n                style=\"display: none!important; position: absolute!important; transform: translateX(1000%)!important;\"\n                class=\"ff-el-group ff-hpsf-container\"\n        >\n            <div class=\"ff-el-input--label asterisk-right\">\n                <label for=\"ff_32_item_sf\" aria-label=\"Contact\">\n                    Contact                <\/label>\n            <\/div>\n            <div class=\"ff-el-input--content\">\n                <input type=\"text\"\n                       name=\"item_32__fluent_sf\"\n                       class=\"ff-el-form-control\"\n                       id=\"ff_32_item_sf\"\n                \/>\n            <\/div>\n        <\/div>\n        <input type='hidden' name='__fluent_form_embded_post_id' value='20707' \/><input type=\"hidden\" id=\"_fluentform_32_fluentformnonce\" name=\"_fluentform_32_fluentformnonce\" value=\"b3a76e59c1\" \/><input type=\"hidden\" name=\"_wp_http_referer\" value=\"\/es\/wp-json\/wp\/v2\/pages\/20707\" \/><div data-name=\"ff_cn_id_1\"  class='ff-t-container ff-column-container ff_columns_total_2 '><div class='ff-t-cell ff-t-column-1' style='flex-basis: 50%;'><div class='ff-el-group ff-el-form-hide_label'><div class=\"ff-el-input--label ff-el-is-required asterisk-right\"><label for='ff_32_username' id='label_ff_32_username' >Nombre<\/label><\/div><div class='ff-el-input--content'><input type=\"text\" name=\"username\" value=\"\" class=\"ff-el-form-control\" placeholder=\"Name\" data-name=\"username\" id=\"ff_32_username\"  aria-invalid=\"false\" aria-required=true><\/div><\/div><\/div><div class='ff-t-cell ff-t-column-2' style='flex-basis: 50%;'><div class='ff-el-group ff-el-form-hide_label'><div class=\"ff-el-input--label ff-el-is-required asterisk-right\"><label for='ff_32_email' id='label_ff_32_email' aria-label=\"Correo electr\u00f3nico\">Correo electr\u00f3nico<\/label><\/div><div class='ff-el-input--content'><input type=\"email\" name=\"email\" value=\"\" id=\"ff_32_email\" class=\"ff-el-form-control\" placeholder=\"Correo electr\u00f3nico\" data-name=\"email\"  aria-invalid=\"false\" aria-required=true><\/div><\/div><\/div><\/div><div class='ff-el-group ff-el-form-hide_label'><div class=\"ff-el-input--label ff-el-is-required asterisk-right\"><label for='ff_32_message' id='label_ff_32_message' aria-label=\"Tu mensaje\">Tu mensaje<\/label><\/div><div class='ff-el-input--content'><textarea aria-required=\"true\" aria-labelledby=\"label_ff_32_message\" name=\"message\" id=\"ff_32_message\" class=\"ff-el-form-control\" placeholder=\"Perm\u00edtenos saber en qu\u00e9 te podemos ayudar\" rows=\"4\" cols=\"2\" data-name=\"message\" ><\/textarea><\/div><\/div><div class='ff-el-group    ff-el-input--content'><div class='ff-el-form-check ff-el-tc'><label aria-label='T\u00e9rminos y condiciones: He le\u00eddo y estoy de acuerdo con las Pol\u00edtica de Privacidad Contiene 1 enlace. Usa la navegaci\u00f3n por pesta\u00f1as para rese\u00f1ar.' class='ff-el-form-check-label ff_tc_label' for=terms-n-condition_2ee01a604b289f646d3fc71d830d2991><span class='ff_tc_checkbox'><input type=\"checkbox\" name=\"terms-n-condition\" class=\"ff-el-form-check-input\" data-name=\"terms-n-condition\" id=\"terms-n-condition_2ee01a604b289f646d3fc71d830d2991\"  value='on' aria-invalid='false' aria-required=true><\/span> <div class='ff_t_c'><p>He le\u00eddo y estoy de acuerdo con las <span style=\"color: #2b77be\"><a style=\"color: #2b77be\" href=\"\/moana-privacy-policy\" target=\"_blank\" rel=\"noopener\">Pol\u00edtica de Privacidad<\/a><\/span><\/p><\/div><\/label><\/div><\/div><div class='ff-el-group ff-text-left ff_submit_btn_wrapper'><button type=\"submit\" class=\"ff-btn ff-btn-submit ff-btn-md ff_btn_style\"  aria-label=\"Enviar\">Enviar<\/button><\/div><\/fieldset><\/form><div id='fluentform_32_errors' class='ff-errors-in-stack ff_form_instance_32_1 ff-form-loading_errors ff_form_instance_32_1_errors'><\/div><\/div>            <script type=\"text\/javascript\">\n                window.fluent_form_ff_form_instance_32_1 = {\"id\":\"32\",\"ajaxUrl\":\"https:\\\/\\\/www.moanadeals.com\\\/wp-admin\\\/admin-ajax.php\",\"settings\":{\"layout\":{\"labelPlacement\":\"top\",\"helpMessagePlacement\":\"with_label\",\"errorMessagePlacement\":\"inline\",\"cssClassName\":\"\",\"asteriskPlacement\":\"asterisk-right\"},\"restrictions\":{\"denyEmptySubmission\":{\"enabled\":false}}},\"form_instance\":\"ff_form_instance_32_1\",\"form_id_selector\":\"fluentform_32\",\"rules\":{\"username\":{\"required\":{\"value\":true,\"message\":\"Este campo es obligatorio\",\"global\":false,\"global_message\":\"This field is required\"}},\"email\":{\"required\":{\"value\":true,\"message\":\"Este campo es obligatorio\",\"global\":false,\"global_message\":\"This field is required\"},\"email\":{\"value\":true,\"message\":\"Este campo debe contener un correo electr\\u00f3nico v\\u00e1lido.\",\"global\":false,\"global_message\":\"This field must contain a valid email\"}},\"message\":{\"required\":{\"value\":true,\"message\":\"Este campo es obligatorio\",\"global\":false,\"global_message\":\"This field is required\"}},\"terms-n-condition\":{\"required\":{\"value\":true,\"message\":\"Este campo es obligatorio\",\"global_message\":\"This field is required\",\"global\":false}},\"g-recaptcha-response\":[]},\"debounce_time\":300};\n                            <\/script>\n            \n<\/div>\n\n\n\n<div class=\"wp-block-column info_column_container_class is-layout-flow wp-block-column-is-layout-flow\" style=\"flex-basis:35%\">\n<p class=\"has-small-font-size\">Tel\u00e9fono<\/p>\n\n\n\n<p class=\"has-medium-font-size\"><strong><a href=\"tel:+34%20555%2000%200000\">+34 555 00 0000<\/a><\/strong><\/p>\n\n\n\n<p class=\"has-small-font-size\">Correo electr\u00f3nico<\/p>\n\n\n\n<p class=\"has-medium-font-size\"><a href=\"mailto:info@moanadeals.com\"><strong>info@moanadeals.com<\/strong><\/a><\/p>\n\n\n\n<p class=\"has-small-font-size\">Social Media<\/p>\n\n\n\n<div class=\"wp-block-columns linkedin_container is-layout-flex wp-container-core-columns-is-layout-9d6595d7 wp-block-columns-is-layout-flex\">\n<div class=\"wp-block-column icon-text is-layout-flow wp-block-column-is-layout-flow\">\n<div id=\"wp-block-themeisle-blocks-font-awesome-icons-d5741ca5\" class=\"wp-block-themeisle-blocks-font-awesome-icons icon_element_style_class\"><span class=\"wp-block-themeisle-blocks-font-awesome-icons-container\"><i class=\"fab fa-linkedin\"><\/i><\/span><\/div>\n\n\n\n<p class=\"has-medium-font-size\"><strong><a href=\"https:\/\/www.linkedin.com\/in\/moanadeals\" target=\"_blank\" rel=\"noreferrer noopener\"> @moanadelas<\/a><\/strong><\/p>\n<\/div>\n<\/div>\n<\/div>\n<\/div>\n<\/div>\n\n\n\n<div id=\"wp-block-themeisle-blocks-advanced-columns-a21ddf8b\" class=\"wp-block-themeisle-blocks-advanced-columns has-0-columns has-desktop-equal-layout has-tablet-equal-layout has-mobile-equal-layout has-vertical-unset center-items newsletter_card_section_content\"><div class=\"wp-block-themeisle-blocks-advanced-columns-overlay\"><\/div><div class=\"innerblocks-wrap\"><\/div><\/div>\n","protected":false},"excerpt":{"rendered":"<p>Solo cobraremos una peque\u00f1a comisi\u00f3n de \u00e9xito si cierra una transacci\u00f3n gracias nuestra plataforma. No hay cuotas de inscripci\u00f3n ni pagos por adelantado. Cuantas m\u00e1s transacciones le ayudemos a cerrar, menos pagar\u00e1. Si cierra &gt;2 transacciones con nosotros (independientemente del rango de precio), nuestra comisi\u00f3n de \u00e9xito se reducir\u00e1 significativamente. Rango de precios de transferencia &#8230; <a title=\"Precios\" class=\"read-more\" href=\"https:\/\/www.moanadeals.com\/es\/pricing\/\" aria-label=\"Leer m\u00e1s sobre Precios\">Leer m\u00e1s<\/a><\/p>\n","protected":false},"author":2,"featured_media":0,"parent":0,"menu_order":0,"comment_status":"closed","ping_status":"closed","template":"","meta":{"_acf_changed":false,"_themeisle_gutenberg_block_has_review":false,"footnotes":""},"class_list":["post-20707","page","type-page","status-publish"],"acf":[],"yoast_head":"<!-- This site is optimized with the Yoast SEO plugin v27.4 - https:\/\/yoast.com\/product\/yoast-seo-wordpress\/ -->\n<title>Precios - Moana Deals<\/title>\n<meta name=\"robots\" content=\"index, follow, max-snippet:-1, max-image-preview:large, max-video-preview:-1\" \/>\n<link rel=\"canonical\" href=\"https:\/\/www.moanadeals.com\/es\/pricing\/\" \/>\n<meta property=\"og:locale\" content=\"es_ES\" \/>\n<meta property=\"og:type\" content=\"article\" \/>\n<meta property=\"og:title\" content=\"Precios - Moana Deals\" \/>\n<meta property=\"og:description\" content=\"Solo cobraremos una peque\u00f1a comisi\u00f3n de \u00e9xito si cierra una transacci\u00f3n gracias nuestra plataforma. No hay cuotas de inscripci\u00f3n ni pagos por adelantado. Cuantas m\u00e1s transacciones le ayudemos a cerrar, menos pagar\u00e1. Si cierra &gt;2 transacciones con nosotros (independientemente del rango de precio), nuestra comisi\u00f3n de \u00e9xito se reducir\u00e1 significativamente. Rango de precios de transferencia ... Leer m\u00e1s\" \/>\n<meta property=\"og:url\" content=\"https:\/\/www.moanadeals.com\/es\/pricing\/\" \/>\n<meta property=\"og:site_name\" content=\"Moana Deals\" \/>\n<meta property=\"article:modified_time\" content=\"2025-04-08T20:58:17+00:00\" \/>\n<meta name=\"twitter:card\" content=\"summary_large_image\" \/>\n<meta name=\"twitter:label1\" content=\"Tiempo de lectura\" \/>\n\t<meta name=\"twitter:data1\" content=\"2 minutos\" \/>\n<script type=\"application\/ld+json\" class=\"yoast-schema-graph\">{\"@context\":\"https:\\\/\\\/schema.org\",\"@graph\":[{\"@type\":\"WebPage\",\"@id\":\"https:\\\/\\\/www.moanadeals.com\\\/es\\\/pricing\\\/\",\"url\":\"https:\\\/\\\/www.moanadeals.com\\\/es\\\/pricing\\\/\",\"name\":\"Precios - Moana Deals\",\"isPartOf\":{\"@id\":\"https:\\\/\\\/www.moanadeals.com\\\/#website\"},\"datePublished\":\"2024-05-16T13:46:56+00:00\",\"dateModified\":\"2025-04-08T20:58:17+00:00\",\"breadcrumb\":{\"@id\":\"https:\\\/\\\/www.moanadeals.com\\\/es\\\/pricing\\\/#breadcrumb\"},\"inLanguage\":\"es\",\"potentialAction\":[{\"@type\":\"ReadAction\",\"target\":[\"https:\\\/\\\/www.moanadeals.com\\\/es\\\/pricing\\\/\"]}]},{\"@type\":\"BreadcrumbList\",\"@id\":\"https:\\\/\\\/www.moanadeals.com\\\/es\\\/pricing\\\/#breadcrumb\",\"itemListElement\":[{\"@type\":\"ListItem\",\"position\":1,\"name\":\"Home\",\"item\":\"https:\\\/\\\/www.moanadeals.com\\\/es\\\/home-page\\\/\"},{\"@type\":\"ListItem\",\"position\":2,\"name\":\"Precios\"}]},{\"@type\":\"WebSite\",\"@id\":\"https:\\\/\\\/www.moanadeals.com\\\/#website\",\"url\":\"https:\\\/\\\/www.moanadeals.com\\\/\",\"name\":\"Moana Deals\",\"description\":\"\",\"publisher\":{\"@id\":\"https:\\\/\\\/www.moanadeals.com\\\/#organization\"},\"potentialAction\":[{\"@type\":\"SearchAction\",\"target\":{\"@type\":\"EntryPoint\",\"urlTemplate\":\"https:\\\/\\\/www.moanadeals.com\\\/?s={search_term_string}\"},\"query-input\":{\"@type\":\"PropertyValueSpecification\",\"valueRequired\":true,\"valueName\":\"search_term_string\"}}],\"inLanguage\":\"es\"},{\"@type\":\"Organization\",\"@id\":\"https:\\\/\\\/www.moanadeals.com\\\/#organization\",\"name\":\"Moana Deals\",\"url\":\"https:\\\/\\\/www.moanadeals.com\\\/\",\"logo\":{\"@type\":\"ImageObject\",\"inLanguage\":\"es\",\"@id\":\"https:\\\/\\\/www.moanadeals.com\\\/#\\\/schema\\\/logo\\\/image\\\/\",\"url\":\"https:\\\/\\\/www.moanadeals.com\\\/wp-content\\\/uploads\\\/2024\\\/05\\\/cropped-moana_logo.png\",\"contentUrl\":\"https:\\\/\\\/www.moanadeals.com\\\/wp-content\\\/uploads\\\/2024\\\/05\\\/cropped-moana_logo.png\",\"width\":117,\"height\":40,\"caption\":\"Moana Deals\"},\"image\":{\"@id\":\"https:\\\/\\\/www.moanadeals.com\\\/#\\\/schema\\\/logo\\\/image\\\/\"}}]}<\/script>\n<!-- \/ Yoast SEO plugin. -->","yoast_head_json":{"title":"Precios - Moana Deals","robots":{"index":"index","follow":"follow","max-snippet":"max-snippet:-1","max-image-preview":"max-image-preview:large","max-video-preview":"max-video-preview:-1"},"canonical":"https:\/\/www.moanadeals.com\/es\/pricing\/","og_locale":"es_ES","og_type":"article","og_title":"Precios - Moana Deals","og_description":"Solo cobraremos una peque\u00f1a comisi\u00f3n de \u00e9xito si cierra una transacci\u00f3n gracias nuestra plataforma. No hay cuotas de inscripci\u00f3n ni pagos por adelantado. Cuantas m\u00e1s transacciones le ayudemos a cerrar, menos pagar\u00e1. Si cierra &gt;2 transacciones con nosotros (independientemente del rango de precio), nuestra comisi\u00f3n de \u00e9xito se reducir\u00e1 significativamente. Rango de precios de transferencia ... Leer m\u00e1s","og_url":"https:\/\/www.moanadeals.com\/es\/pricing\/","og_site_name":"Moana Deals","article_modified_time":"2025-04-08T20:58:17+00:00","twitter_card":"summary_large_image","twitter_misc":{"Tiempo de lectura":"2 minutos"},"schema":{"@context":"https:\/\/schema.org","@graph":[{"@type":"WebPage","@id":"https:\/\/www.moanadeals.com\/es\/pricing\/","url":"https:\/\/www.moanadeals.com\/es\/pricing\/","name":"Precios - Moana Deals","isPartOf":{"@id":"https:\/\/www.moanadeals.com\/#website"},"datePublished":"2024-05-16T13:46:56+00:00","dateModified":"2025-04-08T20:58:17+00:00","breadcrumb":{"@id":"https:\/\/www.moanadeals.com\/es\/pricing\/#breadcrumb"},"inLanguage":"es","potentialAction":[{"@type":"ReadAction","target":["https:\/\/www.moanadeals.com\/es\/pricing\/"]}]},{"@type":"BreadcrumbList","@id":"https:\/\/www.moanadeals.com\/es\/pricing\/#breadcrumb","itemListElement":[{"@type":"ListItem","position":1,"name":"Home","item":"https:\/\/www.moanadeals.com\/es\/home-page\/"},{"@type":"ListItem","position":2,"name":"Precios"}]},{"@type":"WebSite","@id":"https:\/\/www.moanadeals.com\/#website","url":"https:\/\/www.moanadeals.com\/","name":"Moana Deals","description":"","publisher":{"@id":"https:\/\/www.moanadeals.com\/#organization"},"potentialAction":[{"@type":"SearchAction","target":{"@type":"EntryPoint","urlTemplate":"https:\/\/www.moanadeals.com\/?s={search_term_string}"},"query-input":{"@type":"PropertyValueSpecification","valueRequired":true,"valueName":"search_term_string"}}],"inLanguage":"es"},{"@type":"Organization","@id":"https:\/\/www.moanadeals.com\/#organization","name":"Moana Deals","url":"https:\/\/www.moanadeals.com\/","logo":{"@type":"ImageObject","inLanguage":"es","@id":"https:\/\/www.moanadeals.com\/#\/schema\/logo\/image\/","url":"https:\/\/www.moanadeals.com\/wp-content\/uploads\/2024\/05\/cropped-moana_logo.png","contentUrl":"https:\/\/www.moanadeals.com\/wp-content\/uploads\/2024\/05\/cropped-moana_logo.png","width":117,"height":40,"caption":"Moana Deals"},"image":{"@id":"https:\/\/www.moanadeals.com\/#\/schema\/logo\/image\/"}}]}},"_links":{"self":[{"href":"https:\/\/www.moanadeals.com\/es\/wp-json\/wp\/v2\/pages\/20707","targetHints":{"allow":["GET"]}}],"collection":[{"href":"https:\/\/www.moanadeals.com\/es\/wp-json\/wp\/v2\/pages"}],"about":[{"href":"https:\/\/www.moanadeals.com\/es\/wp-json\/wp\/v2\/types\/page"}],"author":[{"embeddable":true,"href":"https:\/\/www.moanadeals.com\/es\/wp-json\/wp\/v2\/users\/2"}],"replies":[{"embeddable":true,"href":"https:\/\/www.moanadeals.com\/es\/wp-json\/wp\/v2\/comments?post=20707"}],"version-history":[{"count":14,"href":"https:\/\/www.moanadeals.com\/es\/wp-json\/wp\/v2\/pages\/20707\/revisions"}],"predecessor-version":[{"id":24011,"href":"https:\/\/www.moanadeals.com\/es\/wp-json\/wp\/v2\/pages\/20707\/revisions\/24011"}],"wp:attachment":[{"href":"https:\/\/www.moanadeals.com\/es\/wp-json\/wp\/v2\/media?parent=20707"}],"curies":[{"name":"wp","href":"https:\/\/api.w.org\/{rel}","templated":true}]}}